{"id":2510,"date":"2022-02-04T16:25:42","date_gmt":"2022-02-04T15:25:42","guid":{"rendered":"https:\/\/www.gemota-gmbh.de\/company\/imprint\/"},"modified":"2023-11-09T17:02:37","modified_gmt":"2023-11-09T16:02:37","slug":"imprint","status":"publish","type":"page","link":"https:\/\/www.gemota-gmbh.de\/en\/company\/imprint\/","title":{"rendered":"Imprint"},"content":{"rendered":"\n<h1 class=\"wp-block-heading\">Site Notice<\/h1>\n\n\n\n<h2 class=\"wp-block-heading\">Information pursuant to Sect. 5 German Telemedia Act (TMG)<\/h2>\n\n\n\n<p>gemota GmbH<br>Philipp-Reis-Stra\u00dfe 5<br>D-61137 Sch\u00f6neck<\/p>\n\n\n\n<p>Commercial Register: HRB 91312<br>Registration court: Amtsgericht Hanau<\/p>\n\n\n\n<p><strong>Represented by:<\/strong><br>Dr.-Ing. Horst Cerv<br>Dipl. Ing. G\u00fcnter Marx<\/p>\n\n\n\n<h2 class=\"wp-block-heading\">Contact<\/h2>\n\n\n\n<p>Phone: 06187 9566-0<br>Telefax: 06187 9566-21<br>E-mail: cerv@gemota-gmbh.de<\/p>\n\n\n\n<h2 class=\"wp-block-heading\">VAT ID<\/h2>\n\n\n\n<p>Sales tax identification number according to Sect. 27 a of the Sales Tax Law:<br>DE 814 242 544<\/p>\n\n\n\n<h2 class=\"wp-block-heading\">Person responsible for editorial<\/h2>\n\n\n\n<p>Dr.-Ing. Horst Cerv<\/p>\n\n\n\n<h2 class=\"wp-block-heading\">Additional Contact Persons<\/h2>\n\n\n\n<p>Sales Office Siegen<br>M + C Antriebstechnik GmbH<br>Birlenbacher Str. 15e<br><strong>D-57078 SIEGEN<\/strong><\/p>\n\n\n\n<p>Dipl. Ing. G\u00fcnter Marx<br>Dr.-Ing. Horst Cerv<\/p>\n\n\n\n<p>Tel: 0271 7411 741<br>Tel: 0271 7734 9962<\/p>\n\n\n\n<p>Fax: 0271 7734 9963<\/p>\n\n\n\n<p><a href=\"mailto:marx@mc-antriebstechnik.de\">marx@mc-antriebstechnik.de<\/a><br><a href=\"mailto:cerv@mc-antriebstechnik.de\">cerv@mc-antriebstechnik.de<\/a><\/p>\n\n\n\n<h2 class=\"wp-block-heading\">EU dispute resolution<\/h2>\n\n\n\n<p>The European Commission provides a platform for online dispute resolution (ODR): <a href=\"https:\/\/ec.europa.eu\/consumers\/odr\/\" target=\"_blank\" rel=\"noreferrer noopener\">https:\/\/ec.europa.eu\/consumers\/odr\/<\/a>.<br>Our e-mail address can be found above in the site notice.<\/p>\n\n\n\n<h2 class=\"wp-block-heading\">Dispute resolution proceedings in front of a consumer arbitration board<\/h2>\n\n\n\n<p>We are not willing or obliged to participate in dispute resolution proceedings in front of a consumer arbitration board.<\/p>\n","protected":false},"excerpt":{"rendered":"<p>Site Notice Information pursuant to Sect. 5 German Telemedia Act (TMG) gemota GmbHPhilipp-Reis-Stra\u00dfe 5D-61137 Sch\u00f6neck Commercial Register: HRB 91312Registration court: Amtsgericht Hanau Represented by:Dr.-Ing. Horst CervDipl. Ing. G\u00fcnter Marx Contact Phone: 06187 9566-0Telefax: 06187 9566-21E-mail: cerv@gemota-gmbh.de VAT ID Sales tax identification number according to Sect. 27 a of the Sales Tax Law:DE 814 242 544 [&hellip;]<\/p>\n","protected":false},"author":1,"featured_media":0,"parent":2319,"menu_order":19,"comment_status":"closed","ping_status":"closed","template":"","meta":{"footnotes":""},"class_list":["post-2510","page","type-page","status-publish","hentry"],"yoast_head":"<!-- This site is optimized with the Yoast SEO plugin v27.5 - https:\/\/yoast.com\/product\/yoast-seo-wordpress\/ -->\n<title>Imprint - Gemota<\/title>\n<meta name=\"robots\" content=\"index, follow, max-snippet:-1, max-image-preview:large, max-video-preview:-1\" \/>\n<link rel=\"canonical\" href=\"https:\/\/www.gemota-gmbh.de\/en\/company\/imprint\/\" \/>\n<meta property=\"og:locale\" content=\"en_US\" \/>\n<meta property=\"og:type\" content=\"article\" \/>\n<meta property=\"og:title\" content=\"Imprint - Gemota\" \/>\n<meta property=\"og:description\" content=\"Site Notice Information pursuant to Sect. 5 German Telemedia Act (TMG) gemota GmbHPhilipp-Reis-Stra\u00dfe 5D-61137 Sch\u00f6neck Commercial Register: HRB 91312Registration court: Amtsgericht Hanau Represented by:Dr.-Ing. Horst CervDipl. Ing. G\u00fcnter Marx Contact Phone: 06187 9566-0Telefax: 06187 9566-21E-mail: cerv@gemota-gmbh.de VAT ID Sales tax identification number according to Sect. 27 a of the Sales Tax Law:DE 814 242 544 [&hellip;]\" \/>\n<meta property=\"og:url\" content=\"https:\/\/www.gemota-gmbh.de\/en\/company\/imprint\/\" \/>\n<meta property=\"og:site_name\" content=\"Gemota\" \/>\n<meta property=\"article:modified_time\" content=\"2023-11-09T16:02:37+00:00\" \/>\n<meta name=\"twitter:card\" content=\"summary_large_image\" \/>\n<meta name=\"twitter:label1\" content=\"Est. reading time\" \/>\n\t<meta name=\"twitter:data1\" content=\"1 minute\" \/>\n<script type=\"application\/ld+json\" class=\"yoast-schema-graph\">{\"@context\":\"https:\\\/\\\/schema.org\",\"@graph\":[{\"@type\":\"WebPage\",\"@id\":\"https:\\\/\\\/www.gemota-gmbh.de\\\/en\\\/company\\\/imprint\\\/\",\"url\":\"https:\\\/\\\/www.gemota-gmbh.de\\\/en\\\/company\\\/imprint\\\/\",\"name\":\"Imprint - Gemota\",\"isPartOf\":{\"@id\":\"https:\\\/\\\/www.gemota-gmbh.de\\\/en\\\/#website\"},\"datePublished\":\"2022-02-04T15:25:42+00:00\",\"dateModified\":\"2023-11-09T16:02:37+00:00\",\"breadcrumb\":{\"@id\":\"https:\\\/\\\/www.gemota-gmbh.de\\\/en\\\/company\\\/imprint\\\/#breadcrumb\"},\"inLanguage\":\"en-US\",\"potentialAction\":[{\"@type\":\"ReadAction\",\"target\":[\"https:\\\/\\\/www.gemota-gmbh.de\\\/en\\\/company\\\/imprint\\\/\"]}]},{\"@type\":\"BreadcrumbList\",\"@id\":\"https:\\\/\\\/www.gemota-gmbh.de\\\/en\\\/company\\\/imprint\\\/#breadcrumb\",\"itemListElement\":[{\"@type\":\"ListItem\",\"position\":1,\"name\":\"Startseite\",\"item\":\"https:\\\/\\\/www.gemota-gmbh.de\\\/en\\\/\"},{\"@type\":\"ListItem\",\"position\":2,\"name\":\"Company\",\"item\":\"https:\\\/\\\/www.gemota-gmbh.de\\\/en\\\/unternehmen\\\/\"},{\"@type\":\"ListItem\",\"position\":3,\"name\":\"Imprint\"}]},{\"@type\":\"WebSite\",\"@id\":\"https:\\\/\\\/www.gemota-gmbh.de\\\/en\\\/#website\",\"url\":\"https:\\\/\\\/www.gemota-gmbh.de\\\/en\\\/\",\"name\":\"gemota-gmbh\",\"description\":\"\",\"publisher\":{\"@id\":\"https:\\\/\\\/www.gemota-gmbh.de\\\/en\\\/#organization\"},\"potentialAction\":[{\"@type\":\"SearchAction\",\"target\":{\"@type\":\"EntryPoint\",\"urlTemplate\":\"https:\\\/\\\/www.gemota-gmbh.de\\\/en\\\/?s={search_term_string}\"},\"query-input\":{\"@type\":\"PropertyValueSpecification\",\"valueRequired\":true,\"valueName\":\"search_term_string\"}}],\"inLanguage\":\"en-US\"},{\"@type\":\"Organization\",\"@id\":\"https:\\\/\\\/www.gemota-gmbh.de\\\/en\\\/#organization\",\"name\":\"gemota-gmbh\",\"url\":\"https:\\\/\\\/www.gemota-gmbh.de\\\/en\\\/\",\"logo\":{\"@type\":\"ImageObject\",\"inLanguage\":\"en-US\",\"@id\":\"https:\\\/\\\/www.gemota-gmbh.de\\\/en\\\/#\\\/schema\\\/logo\\\/image\\\/\",\"url\":\"https:\\\/\\\/www.gemota-gmbh.de\\\/wp-content\\\/uploads\\\/2022\\\/11\\\/cropped-A96pnby0_mxxbzc_hy0.png\",\"contentUrl\":\"https:\\\/\\\/www.gemota-gmbh.de\\\/wp-content\\\/uploads\\\/2022\\\/11\\\/cropped-A96pnby0_mxxbzc_hy0.png\",\"width\":572,\"height\":268,\"caption\":\"gemota-gmbh\"},\"image\":{\"@id\":\"https:\\\/\\\/www.gemota-gmbh.de\\\/en\\\/#\\\/schema\\\/logo\\\/image\\\/\"}}]}<\/script>\n<!-- \/ Yoast SEO plugin. -->","yoast_head_json":{"title":"Imprint - Gemota","robots":{"index":"index","follow":"follow","max-snippet":"max-snippet:-1","max-image-preview":"max-image-preview:large","max-video-preview":"max-video-preview:-1"},"canonical":"https:\/\/www.gemota-gmbh.de\/en\/company\/imprint\/","og_locale":"en_US","og_type":"article","og_title":"Imprint - Gemota","og_description":"Site Notice Information pursuant to Sect. 5 German Telemedia Act (TMG) gemota GmbHPhilipp-Reis-Stra\u00dfe 5D-61137 Sch\u00f6neck Commercial Register: HRB 91312Registration court: Amtsgericht Hanau Represented by:Dr.-Ing. Horst CervDipl. Ing. G\u00fcnter Marx Contact Phone: 06187 9566-0Telefax: 06187 9566-21E-mail: cerv@gemota-gmbh.de VAT ID Sales tax identification number according to Sect. 27 a of the Sales Tax Law:DE 814 242 544 [&hellip;]","og_url":"https:\/\/www.gemota-gmbh.de\/en\/company\/imprint\/","og_site_name":"Gemota","article_modified_time":"2023-11-09T16:02:37+00:00","twitter_card":"summary_large_image","twitter_misc":{"Est. reading time":"1 minute"},"schema":{"@context":"https:\/\/schema.org","@graph":[{"@type":"WebPage","@id":"https:\/\/www.gemota-gmbh.de\/en\/company\/imprint\/","url":"https:\/\/www.gemota-gmbh.de\/en\/company\/imprint\/","name":"Imprint - Gemota","isPartOf":{"@id":"https:\/\/www.gemota-gmbh.de\/en\/#website"},"datePublished":"2022-02-04T15:25:42+00:00","dateModified":"2023-11-09T16:02:37+00:00","breadcrumb":{"@id":"https:\/\/www.gemota-gmbh.de\/en\/company\/imprint\/#breadcrumb"},"inLanguage":"en-US","potentialAction":[{"@type":"ReadAction","target":["https:\/\/www.gemota-gmbh.de\/en\/company\/imprint\/"]}]},{"@type":"BreadcrumbList","@id":"https:\/\/www.gemota-gmbh.de\/en\/company\/imprint\/#breadcrumb","itemListElement":[{"@type":"ListItem","position":1,"name":"Startseite","item":"https:\/\/www.gemota-gmbh.de\/en\/"},{"@type":"ListItem","position":2,"name":"Company","item":"https:\/\/www.gemota-gmbh.de\/en\/unternehmen\/"},{"@type":"ListItem","position":3,"name":"Imprint"}]},{"@type":"WebSite","@id":"https:\/\/www.gemota-gmbh.de\/en\/#website","url":"https:\/\/www.gemota-gmbh.de\/en\/","name":"gemota-gmbh","description":"","publisher":{"@id":"https:\/\/www.gemota-gmbh.de\/en\/#organization"},"potentialAction":[{"@type":"SearchAction","target":{"@type":"EntryPoint","urlTemplate":"https:\/\/www.gemota-gmbh.de\/en\/?s={search_term_string}"},"query-input":{"@type":"PropertyValueSpecification","valueRequired":true,"valueName":"search_term_string"}}],"inLanguage":"en-US"},{"@type":"Organization","@id":"https:\/\/www.gemota-gmbh.de\/en\/#organization","name":"gemota-gmbh","url":"https:\/\/www.gemota-gmbh.de\/en\/","logo":{"@type":"ImageObject","inLanguage":"en-US","@id":"https:\/\/www.gemota-gmbh.de\/en\/#\/schema\/logo\/image\/","url":"https:\/\/www.gemota-gmbh.de\/wp-content\/uploads\/2022\/11\/cropped-A96pnby0_mxxbzc_hy0.png","contentUrl":"https:\/\/www.gemota-gmbh.de\/wp-content\/uploads\/2022\/11\/cropped-A96pnby0_mxxbzc_hy0.png","width":572,"height":268,"caption":"gemota-gmbh"},"image":{"@id":"https:\/\/www.gemota-gmbh.de\/en\/#\/schema\/logo\/image\/"}}]}},"meta_box":[],"_links":{"self":[{"href":"https:\/\/www.gemota-gmbh.de\/en\/wp-json\/wp\/v2\/pages\/2510","targetHints":{"allow":["GET"]}}],"collection":[{"href":"https:\/\/www.gemota-gmbh.de\/en\/wp-json\/wp\/v2\/pages"}],"about":[{"href":"https:\/\/www.gemota-gmbh.de\/en\/wp-json\/wp\/v2\/types\/page"}],"author":[{"embeddable":true,"href":"https:\/\/www.gemota-gmbh.de\/en\/wp-json\/wp\/v2\/users\/1"}],"replies":[{"embeddable":true,"href":"https:\/\/www.gemota-gmbh.de\/en\/wp-json\/wp\/v2\/comments?post=2510"}],"version-history":[{"count":4,"href":"https:\/\/www.gemota-gmbh.de\/en\/wp-json\/wp\/v2\/pages\/2510\/revisions"}],"predecessor-version":[{"id":3534,"href":"https:\/\/www.gemota-gmbh.de\/en\/wp-json\/wp\/v2\/pages\/2510\/revisions\/3534"}],"up":[{"embeddable":true,"href":"https:\/\/www.gemota-gmbh.de\/en\/wp-json\/wp\/v2\/pages\/2319"}],"wp:attachment":[{"href":"https:\/\/www.gemota-gmbh.de\/en\/wp-json\/wp\/v2\/media?parent=2510"}],"curies":[{"name":"wp","href":"https:\/\/api.w.org\/{rel}","templated":true}]}}